{"id":317,"date":"2015-03-17T01:11:48","date_gmt":"2015-03-16T23:11:48","guid":{"rendered":"http:\/\/www.tallicatribute.de\/cms\/?page_id=317"},"modified":"2022-09-15T23:54:39","modified_gmt":"2022-09-15T21:54:39","slug":"home","status":"publish","type":"page","link":"http:\/\/www.tallicatribute.de\/cms\/home\/","title":{"rendered":"Start"},"content":{"rendered":"<h2>&nbsp;\u00b4TallicA &#8211; Finest Metallica Tribute<\/h2>\n<p>\u00b4TallicA , die Metallica Tribute Band aus Rheinland Pfalz.<\/p>\n<p>\u00b4Tallica wurde Anfang 2012 gegr\u00fcndet. Mit einer explosiven und abwechslungsreichen Show brettern \u00b4TallicA durch ihr Repertoire und rei\u00dfen ihr Publikum dabei unwillk\u00fcrlich mit.&nbsp;Das Hauptaugenmerk liegt auf auf den ersten f\u00fcnf Alben der Metal-Giganten aus San Francisco. Nat\u00fcrlich werden auch immer wieder aktuelle Songs in das Set eingestreut! Kurzum: Best of Metallica! OH YEAH!<\/p>\n<p>\u00dcberzeugt Euch einfach selbst bei einer unserer n\u00e4chsten Shows!<\/p>\n<p>Das -Team \u00b4TallicA- besteht aus f\u00fcnf erfahrenen Musikern und einem ausgebildeten Tontechniker.&nbsp;Des Weiteren besteht ein enger Kontakt zu einem Sound-\/ Lichtverleih. Bei Bedarf k\u00f6nnen wir das passende Paket f\u00fcr Eure Veranstaltung schn\u00fcren.&nbsp;Falls das Interesse besteht uns zu buchen findet Ihr alle Infos hierzu in der Rubrik <a title=\"Kontakt\/Impressum\" href=\"http:\/\/www.tallicatribute.de\/cms\/?page_id=32\">Kontakt<\/a>.<\/p>\n<div><img loading=\"lazy\" decoding=\"async\" class=\"alignnone wp-image-442 size-full\" src=\"http:\/\/www.tallicatribute.de\/cms\/wp-content\/uploads\/2017\/04\/BG_2.jpg\" alt=\"\" width=\"1500\" height=\"919\" srcset=\"http:\/\/www.tallicatribute.de\/cms\/wp-content\/uploads\/2017\/04\/BG_2.jpg 1500w, http:\/\/www.tallicatribute.de\/cms\/wp-content\/uploads\/2017\/04\/BG_2-300x184.jpg 300w, http:\/\/www.tallicatribute.de\/cms\/wp-content\/uploads\/2017\/04\/BG_2-768x471.jpg 768w, http:\/\/www.tallicatribute.de\/cms\/wp-content\/uploads\/2017\/04\/BG_2-1024x627.jpg 1024w, http:\/\/www.tallicatribute.de\/cms\/wp-content\/uploads\/2017\/04\/BG_2-640x392.jpg 640w, http:\/\/www.tallicatribute.de\/cms\/wp-content\/uploads\/2017\/04\/BG_2-1010x619.jpg 1010w\" sizes=\"auto, (max-width: 1500px) 100vw, 1500px\" \/><\/div>\n<div><\/div>\n<div><\/div>\n","protected":false},"excerpt":{"rendered":"<p>&nbsp;\u00b4TallicA &#8211; Finest Metallica Tribute \u00b4TallicA , die Metallica Tribute Band aus Rheinland Pfalz. \u00b4Tallica wurde Anfang 2012 gegr\u00fcndet. Mit einer explosiven und abwechslungsreichen Show brettern \u00b4TallicA durch ihr Repertoire und rei\u00dfen ihr Publikum dabei unwillk\u00fcrlich mit.&nbsp;Das Hauptaugenmerk liegt auf auf den ersten f\u00fcnf Alben der Metal-Giganten aus San Francisco. Nat\u00fcrlich werden auch immer wieder [&hellip;]<\/p>\n","protected":false},"author":1,"featured_media":0,"parent":0,"menu_order":0,"comment_status":"closed","ping_status":"closed","template":"","meta":{"ngg_post_thumbnail":0,"footnotes":""},"class_list":["post-317","page","type-page","status-publish","hentry"],"_links":{"self":[{"href":"http:\/\/www.tallicatribute.de\/cms\/wp-json\/wp\/v2\/pages\/317","targetHints":{"allow":["GET"]}}],"collection":[{"href":"http:\/\/www.tallicatribute.de\/cms\/wp-json\/wp\/v2\/pages"}],"about":[{"href":"http:\/\/www.tallicatribute.de\/cms\/wp-json\/wp\/v2\/types\/page"}],"author":[{"embeddable":true,"href":"http:\/\/www.tallicatribute.de\/cms\/wp-json\/wp\/v2\/users\/1"}],"replies":[{"embeddable":true,"href":"http:\/\/www.tallicatribute.de\/cms\/wp-json\/wp\/v2\/comments?post=317"}],"version-history":[{"count":9,"href":"http:\/\/www.tallicatribute.de\/cms\/wp-json\/wp\/v2\/pages\/317\/revisions"}],"predecessor-version":[{"id":519,"href":"http:\/\/www.tallicatribute.de\/cms\/wp-json\/wp\/v2\/pages\/317\/revisions\/519"}],"wp:attachment":[{"href":"http:\/\/www.tallicatribute.de\/cms\/wp-json\/wp\/v2\/media?parent=317"}],"curies":[{"name":"wp","href":"https:\/\/api.w.org\/{rel}","templated":true}]}}